{"id":297,"date":"2021-05-27T23:16:14","date_gmt":"2021-05-27T23:16:14","guid":{"rendered":"https:\/\/www.apfsc.pt\/?page_id=297"},"modified":"2024-06-27T09:34:27","modified_gmt":"2024-06-27T09:34:27","slug":"links-uteis","status":"publish","type":"page","link":"https:\/\/www.apfsc.pt\/?page_id=297","title":{"rendered":"Links Uteis"},"content":{"rendered":"\n<p><\/p>\n\n\n\n<p>&#8211; ICNF (<a rel=\"noreferrer noopener\" href=\"http:\/\/www.icnf.pt\" data-type=\"URL\" data-id=\"www.icnf.pt\" target=\"_blank\">www.icnf.pt<\/a>) <br>&#8211; IFAP (<a rel=\"noreferrer noopener\" href=\"http:\/\/www.ifap.pt\" data-type=\"URL\" data-id=\"www.ifap.pt\" target=\"_blank\">www.ifap.pt<\/a>)<br>&#8211; C\u00e2mara Municipal de Tavira (<a rel=\"noreferrer noopener\" href=\"http:\/\/www.cm-tavira.pt\" target=\"_blank\">www.cm-tavira.pt<\/a>)<br>&#8211; C\u00e2mara Municipal de Loul\u00e9 (<a rel=\"noreferrer noopener\" href=\"http:\/\/www.cm-loule.pt\" target=\"_blank\">www.cm-loule.pt<\/a>) <br>&#8211; C\u00e2mara Municipal de S\u00e3o Br\u00e1s de Alportel (<a href=\"http:\/\/www.cm-sbras.pt\/\">www.cm-sbras.pt<\/a>) <br>&#8211; Comiss\u00e3o Coordena\u00e7\u00e3o Regional Algarve (<a rel=\"noreferrer noopener\" href=\"http:\/\/www.ccr-algarve.pt\" target=\"_blank\">www.ccr-algarve.pt<\/a>)<\/p>\n\n\n\n<p>&#8211; IPMA para consulta do risco de inc\u00eandio (<a rel=\"noreferrer noopener\" href=\"https:\/\/www.ipma.pt\/pt\/riscoincendio\/rcm.pt\/\" target=\"_blank\">https:\/\/www.ipma.pt\/pt\/riscoincendio\/rcm.pt\/<\/a>)<\/p>\n\n\n\n<p><\/p>\n","protected":false},"excerpt":{"rendered":"<p>&#8211; ICNF (www.icnf.pt) &#8211; IFAP (www.ifap.pt)&#8211; C\u00e2mara Municipal de Tavira (www.cm-tavira.pt)&#8211; C\u00e2mara Municipal de Loul\u00e9<a class=\"read-more\" href=\"https:\/\/www.apfsc.pt\/?page_id=297\"\/>Ver mais<\/a><\/p>\n","protected":false},"author":1,"featured_media":0,"parent":0,"menu_order":0,"comment_status":"closed","ping_status":"closed","template":"","meta":[],"_links":{"self":[{"href":"https:\/\/www.apfsc.pt\/index.php?rest_route=\/wp\/v2\/pages\/297"}],"collection":[{"href":"https:\/\/www.apfsc.pt\/index.php?rest_route=\/wp\/v2\/pages"}],"about":[{"href":"https:\/\/www.apfsc.pt\/index.php?rest_route=\/wp\/v2\/types\/page"}],"author":[{"embeddable":true,"href":"https:\/\/www.apfsc.pt\/index.php?rest_route=\/wp\/v2\/users\/1"}],"replies":[{"embeddable":true,"href":"https:\/\/www.apfsc.pt\/index.php?rest_route=%2Fwp%2Fv2%2Fcomments&post=297"}],"version-history":[{"count":2,"href":"https:\/\/www.apfsc.pt\/index.php?rest_route=\/wp\/v2\/pages\/297\/revisions"}],"predecessor-version":[{"id":534,"href":"https:\/\/www.apfsc.pt\/index.php?rest_route=\/wp\/v2\/pages\/297\/revisions\/534"}],"wp:attachment":[{"href":"https:\/\/www.apfsc.pt\/index.php?rest_route=%2Fwp%2Fv2%2Fmedia&parent=297"}],"curies":[{"name":"wp","href":"https:\/\/api.w.org\/{rel}","templated":true}]}}